{"id":3839,"date":"2022-04-22T22:38:46","date_gmt":"2022-04-22T22:38:46","guid":{"rendered":"https:\/\/alipok-tours.com\/?page_id=3839"},"modified":"2022-04-22T22:47:04","modified_gmt":"2022-04-22T22:47:04","slug":"from-casablanca","status":"publish","type":"page","link":"https:\/\/alipok-tours.com\/es\/from-casablanca\/","title":{"rendered":"Desde Casablanca"},"content":{"rendered":"<div  class=\"ppb_tour_grid one nopadding\" style=\"margin-top:100px;margin-bottom:100px;\" >\n<div class=\"page_content_wrapper page_main_content sidebar_content full_width fixed_column\">\n<div class=\"standard_wrapper\">\n<div id=\"1650667624523035898\" class=\"portfolio_filter_wrapper gallery grid two_cols\" data-columns=\"2\">\n<div class=\"element grid classic2_cols animated1\">\n<div class=\"one_half gallery2 grid static filterable portfolio_type themeborder\" style=\"background-image:url(https:\/\/alipok-tours.com\/wp-content\/uploads\/2022\/04\/pexels-tomas-malik-1703312-700x466.jpg);\"><a class=\"tour_image\" href=\"https:\/\/alipok-tours.com\/es\/tour\/12-days-the-moroccan-core\/\"><\/a><\/p>\n<div class=\"portfolio_info_wrapper\">\n<div class=\"tour_price has_discount\"><span class=\"normal_price\"><br \/>\n\t\t\t\t\t\t\t\t$5,000<br \/>\n\t\t\t\t\t\t\t<\/span>$4,700<\/div>\n<h4>12 d\u00edas - El n\u00facleo marroqu\u00ed<\/h4>\n<div class=\"tour_attribute_wrapper\">\n<div class=\"tour_attribute_days\">\n\t\t\t    \t\t\t    <span class=\"ti-time\"><\/span>12&nbsp;days<\/div>\n<\/div>\n<p>        \t\t    <br class=\"clear\"\/>\n\t\t\t\t<\/div>\n<\/div>\n<\/div>\n<div class=\"element grid classic2_cols animated2\">\n<div class=\"one_half gallery2 grid static filterable portfolio_type themeborder\" style=\"background-image:url(https:\/\/alipok-tours.com\/wp-content\/uploads\/2022\/04\/pexels-tomas-malik-1703312-700x466.jpg);\"><a class=\"tour_image\" href=\"https:\/\/alipok-tours.com\/es\/tour\/11-days-the-splendids-of-morocco\/\"><\/a><\/p>\n<div class=\"portfolio_info_wrapper\">\n<div class=\"tour_price has_discount\"><span class=\"normal_price\"><br \/>\n\t\t\t\t\t\t\t\t$5,000<br \/>\n\t\t\t\t\t\t\t<\/span>$4,700<\/div>\n<h4>11 d\u00edas - El esplendor de Marruecos<\/h4>\n<div class=\"tour_attribute_wrapper\">\n<div class=\"tour_attribute_days\">\n\t\t\t    \t\t\t    <span class=\"ti-time\"><\/span>11&nbsp;days<\/div>\n<\/div>\n<p>        \t\t    <br class=\"clear\"\/>\n\t\t\t\t<\/div>\n<\/div>\n<\/div>\n<div class=\"element grid classic2_cols animated3\">\n<div class=\"one_half gallery2 grid static filterable portfolio_type themeborder\" style=\"background-image:url(https:\/\/alipok-tours.com\/wp-content\/uploads\/2022\/04\/pexels-tomas-malik-1703312-700x466.jpg);\"><a class=\"tour_image\" href=\"https:\/\/alipok-tours.com\/es\/tour\/10-days-from-downtown-to-suburban-of-morocco\/\"><\/a><\/p>\n<div class=\"portfolio_info_wrapper\">\n<div class=\"tour_price has_discount\"><span class=\"normal_price\"><br \/>\n\t\t\t\t\t\t\t\t$5,000<br \/>\n\t\t\t\t\t\t\t<\/span>$4,700<\/div>\n<h4>10 d\u00edas - Del centro al suburbio de Marruecos<\/h4>\n<div class=\"tour_attribute_wrapper\">\n<div class=\"tour_attribute_days\">\n\t\t\t    \t\t\t    <span class=\"ti-time\"><\/span>10&nbsp;days<\/div>\n<\/div>\n<p>        \t\t    <br class=\"clear\"\/>\n\t\t\t\t<\/div>\n<\/div>\n<\/div>\n<\/div>\n<\/div>\n<\/div>\n<\/div>","protected":false},"excerpt":{"rendered":"<p>$5,000 $4,700 12 Days \u2013 The Moroccan Core 12&nbsp;days $5,000 $4,700 11 Days \u2013 The Splendids of Morocco 11&nbsp;days $5,000 $4,700 10 Days \u2013 From Downtown to Suburban of Morocco 10&nbsp;days<\/p>","protected":false},"author":1,"featured_media":3848,"parent":0,"menu_order":0,"comment_status":"closed","ping_status":"closed","template":"","meta":{"footnotes":""},"class_list":["post-3839","page","type-page","status-publish","has-post-thumbnail","hentry"],"_links":{"self":[{"href":"https:\/\/alipok-tours.com\/es\/wp-json\/wp\/v2\/pages\/3839","targetHints":{"allow":["GET"]}}],"collection":[{"href":"https:\/\/alipok-tours.com\/es\/wp-json\/wp\/v2\/pages"}],"about":[{"href":"https:\/\/alipok-tours.com\/es\/wp-json\/wp\/v2\/types\/page"}],"author":[{"embeddable":true,"href":"https:\/\/alipok-tours.com\/es\/wp-json\/wp\/v2\/users\/1"}],"replies":[{"embeddable":true,"href":"https:\/\/alipok-tours.com\/es\/wp-json\/wp\/v2\/comments?post=3839"}],"version-history":[{"count":0,"href":"https:\/\/alipok-tours.com\/es\/wp-json\/wp\/v2\/pages\/3839\/revisions"}],"wp:featuredmedia":[{"embeddable":true,"href":"https:\/\/alipok-tours.com\/es\/wp-json\/wp\/v2\/media\/3848"}],"wp:attachment":[{"href":"https:\/\/alipok-tours.com\/es\/wp-json\/wp\/v2\/media?parent=3839"}],"curies":[{"name":"wp","href":"https:\/\/api.w.org\/{rel}","templated":true}]}}